{"id":2,"date":"2017-01-01T10:51:07","date_gmt":"2017-01-01T10:51:07","guid":{"rendered":"http:\/\/www.fullcom.pl\/?page_id=2"},"modified":"2026-02-20T23:38:34","modified_gmt":"2026-02-20T23:38:34","slug":"about","status":"publish","type":"page","link":"https:\/\/www.fullcom.pl\/","title":{"rendered":"O NAS"},"content":{"rendered":"<p style=\"padding-left: 60px; padding-right: 60px; text-align: justify; text-indent: 3.5em;\">Od 2005 roku nieprzerwanie nasza firma dostarcza pa\u0144stwu us\u0142ugi informatyczne. Od pocz\u0105tku naszej dzia\u0142alno\u015bci naszym celem jest \u015bwiadczenie us\u0142ugi, kt\u00f3ra zapewni pa\u0144stwu mo\u017cliwo\u015b\u0107 ci\u0105g\u0142ego, wydajnego i mo\u017cliwie nieprzerwanego u\u017cytkowania pa\u0144stwa komputer\u00f3w i infrastruktury sieciowej oraz poczucie bezpiecze\u0144stwa. Przez wiele lat dzia\u0142alno\u015bci na krakowskim rynku z wieloma naszymi klientami zd\u0105\u017cyli\u015bmy si\u0119 zaprzyja\u017ani\u0107. Pomimo to rozumiemy, \u017ce nasze wizyty rzadko s\u0105 powodem do rado\u015bci. Dlatego staramy si\u0119 tak wykonywa\u0107 us\u0142ugi i organizowa\u0107 nasz\u0105 prac\u0119, \u017ceby nasze dzia\u0142ania by\u0142y nieodczuwalne dla naszych klient\u00f3w, a sytuacje awaryjne przerywaj\u0105ce prac\u0119 zdarza\u0142y si\u0119 mo\u017cliwie rzadko albo wprost nigdy. Zawsze mog\u0105 pa\u0144stwo liczy\u0107 na nasze pe\u0142ne zaanga\u017cowanie w rozwi\u0105zanie problem\u00f3w przed kt\u00f3rymi staniecie. Zapraszamy do kontaktu i skorzystania z naszych us\u0142ug.<\/p>\n<p style=\"text-align: right; padding-right: 50px;\"><em>Krzysztof Koz\u0142owski<\/em><\/p>\n","protected":false},"excerpt":{"rendered":"<p>Od 2005 roku nieprzerwanie nasza firma dostarcza pa\u0144stwu us\u0142ugi informatyczne. Od pocz\u0105tku naszej dzia\u0142alno\u015bci naszym celem jest \u015bwiadczenie us\u0142ugi, kt\u00f3ra zapewni pa\u0144stwu mo\u017cliwo\u015b\u0107 ci\u0105g\u0142ego, wydajnego i mo\u017cliwie nieprzerwanego u\u017cytkowania pa\u0144stwa komputer\u00f3w i infrastruktury sieciowej oraz poczucie bezpiecze\u0144stwa. Przez wiele lat dzia\u0142alno\u015bci na krakowskim rynku z wieloma naszymi klientami zd\u0105\u017cyli\u015bmy si\u0119 zaprzyja\u017ani\u0107. Pomimo to rozumiemy, \u017ce <a href=\"https:\/\/www.fullcom.pl\/\" class=\"more-link\">Czytaj dalej...<span class=\"screen-reader-text\"> \"O NAS\"<\/span><\/a><\/p>\n","protected":false},"author":1,"featured_media":0,"parent":0,"menu_order":0,"comment_status":"closed","ping_status":"open","template":"template-fullcom-premium.php","meta":{"_monsterinsights_skip_tracking":false,"_monsterinsights_sitenote_active":false,"_monsterinsights_sitenote_note":"","_monsterinsights_sitenote_category":0,"footnotes":""},"class_list":["post-2","page","type-page","status-publish","h-entry","hentry","h-as-page"],"_links":{"self":[{"href":"https:\/\/www.fullcom.pl\/index.php?rest_route=\/wp\/v2\/pages\/2","targetHints":{"allow":["GET"]}}],"collection":[{"href":"https:\/\/www.fullcom.pl\/index.php?rest_route=\/wp\/v2\/pages"}],"about":[{"href":"https:\/\/www.fullcom.pl\/index.php?rest_route=\/wp\/v2\/types\/page"}],"author":[{"embeddable":true,"href":"https:\/\/www.fullcom.pl\/index.php?rest_route=\/wp\/v2\/users\/1"}],"replies":[{"embeddable":true,"href":"https:\/\/www.fullcom.pl\/index.php?rest_route=%2Fwp%2Fv2%2Fcomments&post=2"}],"version-history":[{"count":19,"href":"https:\/\/www.fullcom.pl\/index.php?rest_route=\/wp\/v2\/pages\/2\/revisions"}],"predecessor-version":[{"id":111,"href":"https:\/\/www.fullcom.pl\/index.php?rest_route=\/wp\/v2\/pages\/2\/revisions\/111"}],"wp:attachment":[{"href":"https:\/\/www.fullcom.pl\/index.php?rest_route=%2Fwp%2Fv2%2Fmedia&parent=2"}],"curies":[{"name":"wp","href":"https:\/\/api.w.org\/{rel}","templated":true}]}}